{"id":63,"date":"2024-12-18T17:07:10","date_gmt":"2024-12-18T17:07:10","guid":{"rendered":"https:\/\/dicanns.com\/shop\/?post_type=product&#038;p=63"},"modified":"2026-01-29T17:29:07","modified_gmt":"2026-01-29T17:29:07","slug":"edition-limitee-avec-logo-dic-anns","status":"publish","type":"product","link":"https:\/\/dicanns.com\/shop\/en\/product\/edition-limitee-avec-logo-dic-anns\/","title":{"rendered":"Limited Edition Logo Skateboard Deck"},"content":{"rendered":"<p>La simplicit\u00e9 raffin\u00e9e \u00e0 son meilleur. Cette planche de skate en \u00e9dition limit\u00e9e arbore une version \u00e9pur\u00e9e de notre logo, incarnant une \u00e9l\u00e9gance intemporelle. Avec son design minimaliste, elle est parfaite pour ceux qui appr\u00e9cient un style discret, sur ou en dehors de la planche. Fabriqu\u00e9e avec des mat\u00e9riaux de qualit\u00e9 sup\u00e9rieure pour une durabilit\u00e9 et des performances optimales, cette planche est aussi fiable qu\u2019\u00e9l\u00e9gante. Quantit\u00e9s limit\u00e9es \u2014 saisissez la v\u00f4tre avant qu\u2019elle ne disparaisse.<\/p>","protected":false},"excerpt":{"rendered":"<p>Refined simplicity at its best. This limited-edition skateboard deck features a clean, shortened version of our logo, exuding timeless elegance. With its minimalist design, it\u2019s perfect for those who appreciate subtle style on and off the board. Built with premium materials for superior durability and performance, this deck is as reliable as it is sleek. Limited supply\u2014grab yours before it's gone.<\/p>","protected":false},"featured_media":140,"comment_status":"open","ping_status":"closed","template":"","meta":{"inline_featured_image":false},"product_cat":[15],"product_tag":[],"class_list":{"0":"post-63","1":"product","2":"type-product","3":"status-publish","4":"has-post-thumbnail","6":"product_cat-uncategorized","8":"first","9":"instock","10":"taxable","11":"shipping-taxable","12":"purchasable","13":"product-type-simple"},"_links":{"self":[{"href":"https:\/\/dicanns.com\/shop\/en\/wp-json\/wp\/v2\/product\/63","targetHints":{"allow":["GET"]}}],"collection":[{"href":"https:\/\/dicanns.com\/shop\/en\/wp-json\/wp\/v2\/product"}],"about":[{"href":"https:\/\/dicanns.com\/shop\/en\/wp-json\/wp\/v2\/types\/product"}],"replies":[{"embeddable":true,"href":"https:\/\/dicanns.com\/shop\/en\/wp-json\/wp\/v2\/comments?post=63"}],"wp:featuredmedia":[{"embeddable":true,"href":"https:\/\/dicanns.com\/shop\/en\/wp-json\/wp\/v2\/media\/140"}],"wp:attachment":[{"href":"https:\/\/dicanns.com\/shop\/en\/wp-json\/wp\/v2\/media?parent=63"}],"wp:term":[{"taxonomy":"product_cat","embeddable":true,"href":"https:\/\/dicanns.com\/shop\/en\/wp-json\/wp\/v2\/product_cat?post=63"},{"taxonomy":"product_tag","embeddable":true,"href":"https:\/\/dicanns.com\/shop\/en\/wp-json\/wp\/v2\/product_tag?post=63"}],"curies":[{"name":"wp","href":"https:\/\/api.w.org\/{rel}","templated":true}]}}