{"id":121,"date":"2024-12-18T18:12:35","date_gmt":"2024-12-18T18:12:35","guid":{"rendered":"https:\/\/dicanns.com\/shop\/?page_id=121"},"modified":"2024-12-18T18:45:17","modified_gmt":"2024-12-18T18:45:17","slug":"elementor-121","status":"publish","type":"page","link":"https:\/\/dicanns.com\/shop\/","title":{"rendered":"Boutique"},"content":{"rendered":"\t\t<div data-elementor-type=\"wp-page\" data-elementor-id=\"121\" class=\"elementor elementor-121\" data-elementor-post-type=\"page\">\n\t\t\t\t<div class=\"elementor-element elementor-element-4edeb75 e-grid e-con-boxed e-con e-parent\" data-id=\"4edeb75\" data-element_type=\"container\">\n\t\t\t\t\t<div class=\"e-con-inner\">\n\t\t\t\t<div class=\"woocommerce elementor-element elementor-element-da9e55e elementor-grid-1 elementor-grid-tablet-2 elementor-grid-mobile-1 elementor-widget elementor-widget-loop-grid\" data-id=\"da9e55e\" data-element_type=\"widget\" data-settings=\"{&quot;_skin&quot;:&quot;product&quot;,&quot;template_id&quot;:131,&quot;columns&quot;:1,&quot;columns_tablet&quot;:&quot;2&quot;,&quot;columns_mobile&quot;:&quot;1&quot;,&quot;edit_handle_selector&quot;:&quot;[data-elementor-type=\\&quot;loop-item\\&quot;]&quot;,&quot;row_gap&quot;:{&quot;unit&quot;:&quot;px&quot;,&quot;size&quot;:&quot;&quot;,&quot;sizes&quot;:[]},&quot;row_gap_tablet&quot;:{&quot;unit&quot;:&quot;px&quot;,&quot;size&quot;:&quot;&quot;,&quot;sizes&quot;:[]},&quot;row_gap_mobile&quot;:{&quot;unit&quot;:&quot;px&quot;,&quot;size&quot;:&quot;&quot;,&quot;sizes&quot;:[]}}\" data-widget_type=\"loop-grid.product\">\n\t\t\t\t<div class=\"elementor-widget-container\">\n\t\t\t\t\t\t\t<div class=\"elementor-loop-container elementor-grid\">\n\t\t<style id=\"loop-131\">.elementor-131 .elementor-element.elementor-element-2fec908{--display:grid;--e-con-grid-template-columns:0.5fr 1fr;--e-con-grid-template-rows:repeat(1, 1fr);--grid-auto-flow:row;--border-radius:10px 10px 10px 10px;--padding-top:25px;--padding-bottom:25px;--padding-left:25px;--padding-right:25px;}.elementor-131 .elementor-element.elementor-element-2fec908:not(.elementor-motion-effects-element-type-background), .elementor-131 .elementor-element.elementor-element-2fec908 > .elementor-motion-effects-container > .elementor-motion-effects-layer{background-color:var( --e-global-color-secondary );}.elementor-131 .elementor-element.elementor-element-46312e0{--display:flex;--justify-content:center;--align-items:center;--container-widget-width:calc( ( 1 - var( --container-widget-flex-grow ) ) * 100% );--border-radius:10px 10px 10px 10px;}.elementor-131 .elementor-element.elementor-element-46312e0:not(.elementor-motion-effects-element-type-background), .elementor-131 .elementor-element.elementor-element-46312e0 > .elementor-motion-effects-container > .elementor-motion-effects-layer{background-color:var( --e-global-color-primary );}.elementor-widget-theme-post-featured-image .widget-image-caption{color:var( --e-global-color-text );font-family:var( --e-global-typography-text-font-family ), Sans-serif;font-weight:var( --e-global-typography-text-font-weight );}.elementor-131 .elementor-element.elementor-element-5199356 img{width:auto;height:158px;}.elementor-131 .elementor-element.elementor-element-26e1e03{--display:flex;}.elementor-widget-woocommerce-product-title .elementor-heading-title{font-family:var( --e-global-typography-primary-font-family ), Sans-serif;font-weight:var( --e-global-typography-primary-font-weight );color:var( --e-global-color-primary );}.elementor-131 .elementor-element.elementor-element-431e385 .elementor-heading-title{font-family:\"TITLE\", Sans-serif;font-size:60px;font-weight:400;}.woocommerce .elementor-widget-woocommerce-product-price .price{color:var( --e-global-color-primary );font-family:var( --e-global-typography-primary-font-family ), Sans-serif;font-weight:var( --e-global-typography-primary-font-weight );}.elementor-widget-theme-post-excerpt .elementor-widget-container{color:var( --e-global-color-text );font-family:var( --e-global-typography-text-font-family ), Sans-serif;font-weight:var( --e-global-typography-text-font-weight );}.elementor-131 .elementor-element.elementor-element-a1aedfd .elementor-widget-container{font-family:\"BODY\", Sans-serif;font-size:14px;font-weight:400;}.elementor-widget-woocommerce-product-add-to-cart .added_to_cart{font-family:var( --e-global-typography-accent-font-family ), Sans-serif;font-weight:var( --e-global-typography-accent-font-weight );}.elementor-131 .elementor-element.elementor-element-7d22ec6 .cart button, .elementor-131 .elementor-element.elementor-element-7d22ec6 .cart .button{font-family:var( --e-global-typography-primary-font-family ), Sans-serif;font-weight:var( --e-global-typography-primary-font-weight );color:var( --e-global-color-primary );background-color:var( --e-global-color-text );transition:all 0.2s;}.elementor-131 .elementor-element.elementor-element-7d22ec6 .cart button:hover, .elementor-131 .elementor-element.elementor-element-7d22ec6 .cart .button:hover{color:var( --e-global-color-text );background-color:var( --e-global-color-primary );}.elementor-131 .elementor-element.elementor-element-7d22ec6{--view-cart-spacing:0px;}.elementor-131 .elementor-element.elementor-element-7d22ec6 .quantity .qty{font-family:var( --e-global-typography-text-font-family ), Sans-serif;font-weight:var( --e-global-typography-text-font-weight );border-style:none;color:var( --e-global-color-text );background-color:var( --e-global-color-primary );transition:all 0.2s;}@media(max-width:1024px){.elementor-131 .elementor-element.elementor-element-2fec908{--grid-auto-flow:row;}}@media(max-width:767px){.elementor-131 .elementor-element.elementor-element-2fec908{--e-con-grid-template-columns:1;--grid-auto-flow:row;}}<\/style>\t\t<div data-elementor-type=\"loop-item\" data-elementor-id=\"131\" class=\"elementor elementor-131 e-loop-item e-loop-item-63 post-63 product type-product status-publish has-post-thumbnail product_cat-uncategorized first instock taxable shipping-taxable purchasable product-type-simple\" data-elementor-post-type=\"elementor_library\" data-custom-edit-handle=\"1\">\n\t\t\t<div class=\"elementor-element elementor-element-2fec908 e-grid e-con-boxed e-con e-parent\" data-id=\"2fec908\" data-element_type=\"container\" data-settings=\"{&quot;background_background&quot;:&quot;classic&quot;}\">\n\t\t\t\t\t<div class=\"e-con-inner\">\n\t\t<div class=\"elementor-element elementor-element-46312e0 e-con-full e-flex e-con e-child\" data-id=\"46312e0\" data-element_type=\"container\" data-settings=\"{&quot;background_background&quot;:&quot;classic&quot;}\">\n\t\t\t\t<div class=\"elementor-element elementor-element-5199356 elementor-widget elementor-widget-theme-post-featured-image elementor-widget-image\" data-id=\"5199356\" data-element_type=\"widget\" data-widget_type=\"theme-post-featured-image.default\">\n\t\t\t\t<div class=\"elementor-widget-container\">\n\t\t\t\t\t\t\t\t\t\t\t\t\t\t\t<img fetchpriority=\"high\" decoding=\"async\" width=\"266\" height=\"1024\" src=\"https:\/\/dicanns.com\/shop\/wp-content\/uploads\/2024\/12\/6760667d80b4d69b7cf15d4f_skate-logo.png\" class=\"attachment-large size-large wp-image-140\" alt=\"\" \/>\t\t\t\t\t\t\t\t\t\t\t\t\t\t\t<\/div>\n\t\t\t\t<\/div>\n\t\t\t\t<\/div>\n\t\t<div class=\"elementor-element elementor-element-26e1e03 e-con-full e-flex e-con e-child\" data-id=\"26e1e03\" data-element_type=\"container\">\n\t\t\t\t<div class=\"elementor-element elementor-element-431e385 elementor-widget elementor-widget-woocommerce-product-title elementor-page-title elementor-widget-heading\" data-id=\"431e385\" data-element_type=\"widget\" data-widget_type=\"woocommerce-product-title.default\">\n\t\t\t\t<div class=\"elementor-widget-container\">\n\t\t\t\t\t<h1 class=\"product_title entry-title elementor-heading-title elementor-size-default\">\u00c9dition Limit\u00e9e avec Logo Dic Ann&rsquo;s<\/h1>\t\t\t\t<\/div>\n\t\t\t\t<\/div>\n\t\t\t\t<div class=\"elementor-element elementor-element-4c808d5 elementor-widget elementor-widget-woocommerce-product-price\" data-id=\"4c808d5\" data-element_type=\"widget\" data-widget_type=\"woocommerce-product-price.default\">\n\t\t\t\t<div class=\"elementor-widget-container\">\n\t\t\t\t\t<p class=\"price\"><span class=\"woocommerce-Price-amount amount\"><bdi>75.00<span class=\"woocommerce-Price-currencySymbol\">&#36;<\/span><\/bdi><\/span><\/p>\n\t\t\t\t<\/div>\n\t\t\t\t<\/div>\n\t\t\t\t<div class=\"elementor-element elementor-element-a1aedfd elementor-widget elementor-widget-theme-post-excerpt\" data-id=\"a1aedfd\" data-element_type=\"widget\" data-widget_type=\"theme-post-excerpt.default\">\n\t\t\t\t<div class=\"elementor-widget-container\">\n\t\t\t\t\t<p>La simplicit\u00e9 raffin\u00e9e \u00e0 son meilleur. Cette planche de skate en \u00e9dition limit\u00e9e arbore une version \u00e9pur\u00e9e de notre logo, incarnant une \u00e9l\u00e9gance intemporelle. Avec son design minimaliste, elle est parfaite pour ceux qui appr\u00e9cient un style discret, sur ou en dehors de la planche. Fabriqu\u00e9e avec des mat\u00e9riaux de qualit\u00e9 sup\u00e9rieure pour une durabilit\u00e9 [&hellip;]<\/p>\n\t\t\t\t<\/div>\n\t\t\t\t<\/div>\n\t\t\t\t<div class=\"elementor-element elementor-element-7d22ec6 e-add-to-cart--show-quantity-yes elementor-widget elementor-widget-woocommerce-product-add-to-cart\" data-id=\"7d22ec6\" data-element_type=\"widget\" data-widget_type=\"woocommerce-product-add-to-cart.default\">\n\t\t\t\t<div class=\"elementor-widget-container\">\n\t\t\t\t\t\n\t\t<div class=\"elementor-add-to-cart elementor-product-simple\">\n\t\t\t\t\t<div class=\"e-loop-add-to-cart-form-container\">\n\t\t\t<form class=\"cart e-loop-add-to-cart-form\">\n\t\t\t\t<div class=\"quantity\">\n\t\t<label class=\"screen-reader-text\" for=\"quantity_69d3d9f0e04a0\">Quantit\u00e9<\/label>\n\t<input\n\t\ttype=\"number\"\n\t\t\t\tid=\"quantity_69d3d9f0e04a0\"\n\t\tclass=\"input-text qty text\"\n\t\tname=\"quantity\"\n\t\tvalue=\"1\"\n\t\taria-label=\"Quantit\u00e9 de produits\"\n\t\t\t\tmin=\"1\"\n\t\tmax=\"26\"\n\t\t\t\t\tstep=\"1\"\n\t\t\tplaceholder=\"\"\n\t\t\tinputmode=\"numeric\"\n\t\t\tautocomplete=\"off\"\n\t\t\t\/>\n\t<\/div>\n<a href=\"?add-to-cart=63\" aria-describedby=\"woocommerce_loop_add_to_cart_link_describedby_63\" data-quantity=\"1\" class=\"button product_type_simple add_to_cart_button ajax_add_to_cart\" data-product_id=\"63\" data-product_sku=\"\" aria-label=\"Ajouter au panier\u00a0: &ldquo;\u00c9dition Limit\u00e9e avec Logo Dic Ann&#039;s&rdquo;\" rel=\"nofollow\" data-success_message=\"\u00ab\u00a0\u00c9dition Limit\u00e9e avec Logo Dic Ann&#039;s\u00a0\u00bb a \u00e9t\u00e9 ajout\u00e9 \u00e0 votre panier\">Ajouter au panier<\/a>\t<span id=\"woocommerce_loop_add_to_cart_link_describedby_63\" class=\"screen-reader-text\">\n\t\t\t<\/span>\n\t\t\t<\/form>\n\t\t<\/div>\n\t\t\t\t<\/div>\n\n\t\t\t\t\t\t<\/div>\n\t\t\t\t<\/div>\n\t\t\t\t<\/div>\n\t\t\t\t\t<\/div>\n\t\t\t\t<\/div>\n\t\t\t\t<\/div>\n\t\t\t\t<div data-elementor-type=\"loop-item\" data-elementor-id=\"131\" class=\"elementor elementor-131 e-loop-item e-loop-item-14 post-14 product type-product status-publish has-post-thumbnail product_cat-uncategorized  outofstock taxable shipping-taxable purchasable product-type-simple\" data-elementor-post-type=\"elementor_library\" data-custom-edit-handle=\"1\">\n\t\t\t<div class=\"elementor-element elementor-element-2fec908 e-grid e-con-boxed e-con e-parent\" data-id=\"2fec908\" data-element_type=\"container\" data-settings=\"{&quot;background_background&quot;:&quot;classic&quot;}\">\n\t\t\t\t\t<div class=\"e-con-inner\">\n\t\t<div class=\"elementor-element elementor-element-46312e0 e-con-full e-flex e-con e-child\" data-id=\"46312e0\" data-element_type=\"container\" data-settings=\"{&quot;background_background&quot;:&quot;classic&quot;}\">\n\t\t\t\t<div class=\"elementor-element elementor-element-5199356 elementor-widget elementor-widget-theme-post-featured-image elementor-widget-image\" data-id=\"5199356\" data-element_type=\"widget\" data-widget_type=\"theme-post-featured-image.default\">\n\t\t\t\t<div class=\"elementor-widget-container\">\n\t\t\t\t\t\t\t\t\t\t\t\t\t\t\t<img decoding=\"async\" width=\"266\" height=\"1024\" src=\"https:\/\/dicanns.com\/shop\/wp-content\/uploads\/2024\/12\/676066c5ca804085d79c73b1_burger-skate.png\" class=\"attachment-large size-large wp-image-141\" alt=\"\" \/>\t\t\t\t\t\t\t\t\t\t\t\t\t\t\t<\/div>\n\t\t\t\t<\/div>\n\t\t\t\t<\/div>\n\t\t<div class=\"elementor-element elementor-element-26e1e03 e-con-full e-flex e-con e-child\" data-id=\"26e1e03\" data-element_type=\"container\">\n\t\t\t\t<div class=\"elementor-element elementor-element-431e385 elementor-widget elementor-widget-woocommerce-product-title elementor-page-title elementor-widget-heading\" data-id=\"431e385\" data-element_type=\"widget\" data-widget_type=\"woocommerce-product-title.default\">\n\t\t\t\t<div class=\"elementor-widget-container\">\n\t\t\t\t\t<h1 class=\"product_title entry-title elementor-heading-title elementor-size-default\">\u00c9dition Limit\u00e9e avec Personnage Hamburger<\/h1>\t\t\t\t<\/div>\n\t\t\t\t<\/div>\n\t\t\t\t<div class=\"elementor-element elementor-element-4c808d5 elementor-widget elementor-widget-woocommerce-product-price\" data-id=\"4c808d5\" data-element_type=\"widget\" data-widget_type=\"woocommerce-product-price.default\">\n\t\t\t\t<div class=\"elementor-widget-container\">\n\t\t\t\t\t<p class=\"price\"><span class=\"woocommerce-Price-amount amount\"><bdi>75.00<span class=\"woocommerce-Price-currencySymbol\">&#36;<\/span><\/bdi><\/span><\/p>\n\t\t\t\t<\/div>\n\t\t\t\t<\/div>\n\t\t\t\t<div class=\"elementor-element elementor-element-a1aedfd elementor-widget elementor-widget-theme-post-excerpt\" data-id=\"a1aedfd\" data-element_type=\"widget\" data-widget_type=\"theme-post-excerpt.default\">\n\t\t\t\t<div class=\"elementor-widget-container\">\n\t\t\t\t\t<p>Attirez tous les regards et apportez une touche de fun \u00e0 votre ride avec notre planche de skate en \u00e9dition limit\u00e9e au design Hamburger ! Ce personnage audacieux et color\u00e9 inspir\u00e9 d\u2019un hamburger regorge de personnalit\u00e9. Parfaite pour ajouter du style \u00e0 votre collection ou rouler avec originalit\u00e9, cette planche combine un art unique et [&hellip;]<\/p>\n\t\t\t\t<\/div>\n\t\t\t\t<\/div>\n\t\t\t\t<div class=\"elementor-element elementor-element-7d22ec6 e-add-to-cart--show-quantity-yes elementor-widget elementor-widget-woocommerce-product-add-to-cart\" data-id=\"7d22ec6\" data-element_type=\"widget\" data-widget_type=\"woocommerce-product-add-to-cart.default\">\n\t\t\t\t<div class=\"elementor-widget-container\">\n\t\t\t\t\t\n\t\t<div class=\"elementor-add-to-cart elementor-product-simple\">\n\t\t\t\t\t<div class=\"e-loop-add-to-cart-form-container\">\n\t\t\t<form class=\"cart e-loop-add-to-cart-form\">\n\t\t\t\t<div class=\"quantity\">\n\t\t<label class=\"screen-reader-text\" for=\"quantity_69d3d9f0e39ef\">Quantit\u00e9<\/label>\n\t<input\n\t\ttype=\"number\"\n\t\t\t\tid=\"quantity_69d3d9f0e39ef\"\n\t\tclass=\"input-text qty text\"\n\t\tname=\"quantity\"\n\t\tvalue=\"1\"\n\t\taria-label=\"Quantit\u00e9 de produits\"\n\t\t\t\tmin=\"1\"\n\t\tmax=\"\"\n\t\t\t\t\tstep=\"1\"\n\t\t\tplaceholder=\"\"\n\t\t\tinputmode=\"numeric\"\n\t\t\tautocomplete=\"off\"\n\t\t\t\/>\n\t<\/div>\n<a href=\"https:\/\/dicanns.com\/shop\/produit\/edition-limitee-avec-personnage-hamburger\/\" aria-describedby=\"woocommerce_loop_add_to_cart_link_describedby_14\" data-quantity=\"1\" class=\"button product_type_simple\" data-product_id=\"14\" data-product_sku=\"\" aria-label=\"En savoir plus sur &ldquo;\u00c9dition Limit\u00e9e avec Personnage Hamburger&rdquo;\" rel=\"nofollow\" data-success_message=\"\">Continuer la lecture<\/a>\t<span id=\"woocommerce_loop_add_to_cart_link_describedby_14\" class=\"screen-reader-text\">\n\t\t\t<\/span>\n\t\t\t<\/form>\n\t\t<\/div>\n\t\t\t\t<\/div>\n\n\t\t\t\t\t\t<\/div>\n\t\t\t\t<\/div>\n\t\t\t\t<\/div>\n\t\t\t\t\t<\/div>\n\t\t\t\t<\/div>\n\t\t\t\t<\/div>\n\t\t\t\t<\/div>\n\t\t\n\t\t\t\t\t\t<\/div>\n\t\t\t\t<\/div>\n\t\t\t\t\t<\/div>\n\t\t\t\t<\/div>\n\t\t\t\t<\/div>\n\t\t","protected":false},"excerpt":{"rendered":"","protected":false},"author":1,"featured_media":0,"parent":0,"menu_order":0,"comment_status":"closed","ping_status":"closed","template":"","meta":{"inline_featured_image":false,"footnotes":""},"class_list":["post-121","page","type-page","status-publish","hentry"],"_links":{"self":[{"href":"https:\/\/dicanns.com\/shop\/wp-json\/wp\/v2\/pages\/121","targetHints":{"allow":["GET"]}}],"collection":[{"href":"https:\/\/dicanns.com\/shop\/wp-json\/wp\/v2\/pages"}],"about":[{"href":"https:\/\/dicanns.com\/shop\/wp-json\/wp\/v2\/types\/page"}],"author":[{"embeddable":true,"href":"https:\/\/dicanns.com\/shop\/wp-json\/wp\/v2\/users\/1"}],"replies":[{"embeddable":true,"href":"https:\/\/dicanns.com\/shop\/wp-json\/wp\/v2\/comments?post=121"}],"version-history":[{"count":19,"href":"https:\/\/dicanns.com\/shop\/wp-json\/wp\/v2\/pages\/121\/revisions"}],"predecessor-version":[{"id":162,"href":"https:\/\/dicanns.com\/shop\/wp-json\/wp\/v2\/pages\/121\/revisions\/162"}],"wp:attachment":[{"href":"https:\/\/dicanns.com\/shop\/wp-json\/wp\/v2\/media?parent=121"}],"curies":[{"name":"wp","href":"https:\/\/api.w.org\/{rel}","templated":true}]}}